{"id":332,"date":"2024-11-19T08:38:31","date_gmt":"2024-11-19T08:38:31","guid":{"rendered":"https:\/\/erma.mwsk.sk\/domov\/"},"modified":"2025-02-07T10:31:18","modified_gmt":"2025-02-07T10:31:18","slug":"domov","status":"publish","type":"page","link":"https:\/\/ermagroup.sk\/hr\/","title":{"rendered":"Domov"},"content":{"rendered":"","protected":false},"excerpt":{"rendered":"","protected":false},"author":1,"featured_media":0,"parent":0,"menu_order":0,"comment_status":"closed","ping_status":"closed","template":"","meta":{"_acf_changed":false,"footnotes":""},"class_list":["post-332","page","type-page","status-publish","hentry"],"acf":[],"yoast_head":"<!-- This site is optimized with the Yoast SEO plugin v24.2 - https:\/\/yoast.com\/wordpress\/plugins\/seo\/ -->\n<title>ERMA - Lider izvoza i uvoza u srednjoj i isto\u010dnoj Europi<\/title>\n<meta name=\"description\" content=\"Pru\u017eamo kompleksna rje\u0161enja u podru\u010dju izvoza i uvoza. Na\u0161e dugogodi\u0161nje iskustvo jam\u010ds visoku kvalitetu i pouzdanost.\" \/>\n<meta name=\"robots\" content=\"index, follow, max-snippet:-1, max-image-preview:large, max-video-preview:-1\" \/>\n<link rel=\"canonical\" href=\"https:\/\/ermagroup.sk\/hr\/\" \/>\n<meta property=\"og:locale\" content=\"hr_HR\" \/>\n<meta property=\"og:type\" content=\"article\" \/>\n<meta property=\"og:title\" content=\"ERMA - Lider izvoza i uvoza u srednjoj i isto\u010dnoj Europi\" \/>\n<meta property=\"og:description\" content=\"Pru\u017eamo kompleksna rje\u0161enja u podru\u010dju izvoza i uvoza. Na\u0161e dugogodi\u0161nje iskustvo jam\u010ds visoku kvalitetu i pouzdanost.\" \/>\n<meta property=\"og:url\" content=\"https:\/\/ermagroup.sk\/hr\/\" \/>\n<meta property=\"og:site_name\" content=\"ERMA\" \/>\n<meta property=\"article:modified_time\" content=\"2025-02-07T10:31:18+00:00\" \/>\n<meta name=\"twitter:card\" content=\"summary_large_image\" \/>\n<script type=\"application\/ld+json\" class=\"yoast-schema-graph\">{\"@context\":\"https:\/\/schema.org\",\"@graph\":[{\"@type\":\"WebPage\",\"@id\":\"https:\/\/ermagroup.sk\/hr\/\",\"url\":\"https:\/\/ermagroup.sk\/hr\/\",\"name\":\"ERMA - Lider izvoza i uvoza u srednjoj i isto\u010dnoj Europi\",\"isPartOf\":{\"@id\":\"https:\/\/ermagroup.sk\/#website\"},\"datePublished\":\"2024-11-19T08:38:31+00:00\",\"dateModified\":\"2025-02-07T10:31:18+00:00\",\"description\":\"Pru\u017eamo kompleksna rje\u0161enja u podru\u010dju izvoza i uvoza. Na\u0161e dugogodi\u0161nje iskustvo jam\u010ds visoku kvalitetu i pouzdanost.\",\"breadcrumb\":{\"@id\":\"https:\/\/ermagroup.sk\/hr\/#breadcrumb\"},\"inLanguage\":\"hr\",\"potentialAction\":[{\"@type\":\"ReadAction\",\"target\":[\"https:\/\/ermagroup.sk\/hr\/\"]}]},{\"@type\":\"BreadcrumbList\",\"@id\":\"https:\/\/ermagroup.sk\/hr\/#breadcrumb\",\"itemListElement\":[{\"@type\":\"ListItem\",\"position\":1,\"name\":\"Domovsk\u00e1 str\u00e1nka\",\"item\":\"https:\/\/ermagroup.sk\/hr\/\"},{\"@type\":\"ListItem\",\"position\":2,\"name\":\"Domov\"}]},{\"@type\":\"WebSite\",\"@id\":\"https:\/\/ermagroup.sk\/#website\",\"url\":\"https:\/\/ermagroup.sk\/\",\"name\":\"ermagroup.sk\",\"description\":\"Export a import v strednej a v\u00fdchodnej Eur\u00f3pe\",\"publisher\":{\"@id\":\"https:\/\/ermagroup.sk\/#organization\"},\"potentialAction\":[{\"@type\":\"SearchAction\",\"target\":{\"@type\":\"EntryPoint\",\"urlTemplate\":\"https:\/\/ermagroup.sk\/?s={search_term_string}\"},\"query-input\":{\"@type\":\"PropertyValueSpecification\",\"valueRequired\":true,\"valueName\":\"search_term_string\"}}],\"inLanguage\":\"hr\"},{\"@type\":\"Organization\",\"@id\":\"https:\/\/ermagroup.sk\/#organization\",\"name\":\"ERMA, s.r.o.\",\"url\":\"https:\/\/ermagroup.sk\/\",\"logo\":{\"@type\":\"ImageObject\",\"inLanguage\":\"hr\",\"@id\":\"https:\/\/ermagroup.sk\/#\/schema\/logo\/image\/\",\"url\":\"https:\/\/ermagroup.sk\/wp-content\/uploads\/2024\/11\/erma-logo.svg\",\"contentUrl\":\"https:\/\/ermagroup.sk\/wp-content\/uploads\/2024\/11\/erma-logo.svg\",\"width\":1,\"height\":1,\"caption\":\"ERMA, s.r.o.\"},\"image\":{\"@id\":\"https:\/\/ermagroup.sk\/#\/schema\/logo\/image\/\"}}]}<\/script>\n<!-- \/ Yoast SEO plugin. -->","yoast_head_json":{"title":"ERMA - Lider izvoza i uvoza u srednjoj i isto\u010dnoj Europi","description":"Pru\u017eamo kompleksna rje\u0161enja u podru\u010dju izvoza i uvoza. Na\u0161e dugogodi\u0161nje iskustvo jam\u010ds visoku kvalitetu i pouzdanost.","robots":{"index":"index","follow":"follow","max-snippet":"max-snippet:-1","max-image-preview":"max-image-preview:large","max-video-preview":"max-video-preview:-1"},"canonical":"https:\/\/ermagroup.sk\/hr\/","og_locale":"hr_HR","og_type":"article","og_title":"ERMA - Lider izvoza i uvoza u srednjoj i isto\u010dnoj Europi","og_description":"Pru\u017eamo kompleksna rje\u0161enja u podru\u010dju izvoza i uvoza. Na\u0161e dugogodi\u0161nje iskustvo jam\u010ds visoku kvalitetu i pouzdanost.","og_url":"https:\/\/ermagroup.sk\/hr\/","og_site_name":"ERMA","article_modified_time":"2025-02-07T10:31:18+00:00","twitter_card":"summary_large_image","schema":{"@context":"https:\/\/schema.org","@graph":[{"@type":"WebPage","@id":"https:\/\/ermagroup.sk\/hr\/","url":"https:\/\/ermagroup.sk\/hr\/","name":"ERMA - Lider izvoza i uvoza u srednjoj i isto\u010dnoj Europi","isPartOf":{"@id":"https:\/\/ermagroup.sk\/#website"},"datePublished":"2024-11-19T08:38:31+00:00","dateModified":"2025-02-07T10:31:18+00:00","description":"Pru\u017eamo kompleksna rje\u0161enja u podru\u010dju izvoza i uvoza. Na\u0161e dugogodi\u0161nje iskustvo jam\u010ds visoku kvalitetu i pouzdanost.","breadcrumb":{"@id":"https:\/\/ermagroup.sk\/hr\/#breadcrumb"},"inLanguage":"hr","potentialAction":[{"@type":"ReadAction","target":["https:\/\/ermagroup.sk\/hr\/"]}]},{"@type":"BreadcrumbList","@id":"https:\/\/ermagroup.sk\/hr\/#breadcrumb","itemListElement":[{"@type":"ListItem","position":1,"name":"Domovsk\u00e1 str\u00e1nka","item":"https:\/\/ermagroup.sk\/hr\/"},{"@type":"ListItem","position":2,"name":"Domov"}]},{"@type":"WebSite","@id":"https:\/\/ermagroup.sk\/#website","url":"https:\/\/ermagroup.sk\/","name":"ermagroup.sk","description":"Export a import v strednej a v\u00fdchodnej Eur\u00f3pe","publisher":{"@id":"https:\/\/ermagroup.sk\/#organization"},"potentialAction":[{"@type":"SearchAction","target":{"@type":"EntryPoint","urlTemplate":"https:\/\/ermagroup.sk\/?s={search_term_string}"},"query-input":{"@type":"PropertyValueSpecification","valueRequired":true,"valueName":"search_term_string"}}],"inLanguage":"hr"},{"@type":"Organization","@id":"https:\/\/ermagroup.sk\/#organization","name":"ERMA, s.r.o.","url":"https:\/\/ermagroup.sk\/","logo":{"@type":"ImageObject","inLanguage":"hr","@id":"https:\/\/ermagroup.sk\/#\/schema\/logo\/image\/","url":"https:\/\/ermagroup.sk\/wp-content\/uploads\/2024\/11\/erma-logo.svg","contentUrl":"https:\/\/ermagroup.sk\/wp-content\/uploads\/2024\/11\/erma-logo.svg","width":1,"height":1,"caption":"ERMA, s.r.o."},"image":{"@id":"https:\/\/ermagroup.sk\/#\/schema\/logo\/image\/"}}]}},"_links":{"self":[{"href":"https:\/\/ermagroup.sk\/hr\/wp-json\/wp\/v2\/pages\/332","targetHints":{"allow":["GET"]}}],"collection":[{"href":"https:\/\/ermagroup.sk\/hr\/wp-json\/wp\/v2\/pages"}],"about":[{"href":"https:\/\/ermagroup.sk\/hr\/wp-json\/wp\/v2\/types\/page"}],"author":[{"embeddable":true,"href":"https:\/\/ermagroup.sk\/hr\/wp-json\/wp\/v2\/users\/1"}],"replies":[{"embeddable":true,"href":"https:\/\/ermagroup.sk\/hr\/wp-json\/wp\/v2\/comments?post=332"}],"version-history":[{"count":3,"href":"https:\/\/ermagroup.sk\/hr\/wp-json\/wp\/v2\/pages\/332\/revisions"}],"predecessor-version":[{"id":450,"href":"https:\/\/ermagroup.sk\/hr\/wp-json\/wp\/v2\/pages\/332\/revisions\/450"}],"wp:attachment":[{"href":"https:\/\/ermagroup.sk\/hr\/wp-json\/wp\/v2\/media?parent=332"}],"curies":[{"name":"wp","href":"https:\/\/api.w.org\/{rel}","templated":true}]}}