{"id":417,"date":"2024-12-21T09:05:41","date_gmt":"2024-12-21T09:05:41","guid":{"rendered":"https:\/\/erma.mwsk.sk\/?page_id=417"},"modified":"2024-12-21T09:20:37","modified_gmt":"2024-12-21T09:20:37","slug":"kolacici","status":"publish","type":"page","link":"https:\/\/ermagroup.sk\/hr\/kolacici\/","title":{"rendered":"Kola\u010di\u0107i"},"content":{"rendered":"<ol>\n<li>Kako bismo osigurali pravilno funkcioniranje ove web stranice, ponekad pohranjujemo male podatkovne datoteke na va\u0161 ure\u0111aj, tzv. kola\u010di\u0107e (cookies). Ovo je uobi\u010dajena praksa ve\u0107ine velikih web stranica.<\/li>\n<li>Kola\u010di\u0107 je mala tekstualna datoteka koju web stranica pohranjuje na va\u0161e ra\u010dunalo ili mobilni ure\u0111aj tijekom pregledavanja. Zahvaljuju\u0107i ovoj datoteci, web stranica pohranjuje informacije o va\u0161im radnjama i postavkama (kao \u0161to su korisni\u010dko ime, jezik, veli\u010dina fonta i druge postavke prikaza) na odre\u0111eno vrijeme, kako ih ne biste morali ponovno unositi prilikom sljede\u0107eg posjeta stranici ili pregledavanja njezinih pojedina\u010dnih stranica.<\/li>\n<li>Ove web stranice koriste kola\u010di\u0107e za pam\u0107enje korisni\u010dkih postavki, za bolje prilago\u0111avanje oglasa interesima posjetitelja i za osnovnu funkcionalnost web stranica.<\/li>\n<li>Kola\u010di\u0107e mo\u017eete kontrolirati ili izbrisati prema vlastitom naho\u0111enju \u2013 detalje potra\u017eite na stranici <a href=\"https:\/\/www.aboutcookies.org\/\" target=\"_blank\" rel=\"noopener\">aboutcookies.org<\/a>. Mo\u017eete izbrisati sve kola\u010di\u0107e pohranjene na va\u0161em ra\u010dunalu, a ve\u0107inu preglednika mo\u017eete postaviti tako da sprije\u010dite njihovo pohranjivanje. Me\u0111utim, u tom slu\u010daju mo\u017eda \u0107ete morati ru\u010dno prilagoditi neke postavke svaki put kada posjetite web stranicu, a neke usluge i zna\u010dajke mo\u017eda ne\u0107e raditi.<\/li>\n<li>Kori\u0161tenje kola\u010di\u0107a mo\u017eete postaviti putem va\u0161eg internetskog preglednika. Ve\u0107ina preglednika automatski prihva\u0107a kola\u010di\u0107e u po\u010detnim postavkama. Me\u0111utim, web stranice mo\u017eete koristiti i u na\u010dinu rada koji ne dopu\u0161ta prikupljanje podataka o pona\u0161anju posjetitelja web stranice \u2013 prilagodbom vlastitih postavki internetskog preglednika.<\/li>\n<li>Ako dodate komentar ili po\u0161aljete poruku putem kontakt obrasca na na\u0161oj stranici, mo\u017eete pristati na spremanje va\u0161eg imena, e-mail adrese i web stranice u kola\u010di\u0107e. To je radi va\u0161e udobnosti, kako ne biste morali ponovno unositi svoje podatke prilikom dodavanja sljede\u0107eg komentara. Ovi kola\u010di\u0107i vrijede jednu godinu.<\/li>\n<li>Ako imate ra\u010dun na na\u0161oj web stranici i prijavite se, pohranit \u0107emo privremene kola\u010di\u0107e za odre\u0111ivanje prihva\u0107a li va\u0161 preglednik kola\u010di\u0107e. Ovi kola\u010di\u0107i ne sadr\u017ee nikakve osobne podatke i bri\u0161u se kada se preglednik zatvori.<\/li>\n<li>Pri prijavi postavljamo nekoliko kola\u010di\u0107a kako bismo spremili va\u0161e podatke za prijavu i postavke prikaza. Kola\u010di\u0107i za prijavu vrijede jedan dan, a postavke prikaza jednu godinu. Ako odaberete opciju &#8220;zapamti&#8221;, va\u0161a prijava vrijedi dva tjedna. Pri odjavi s ra\u010duna, kola\u010di\u0107i se bri\u0161u.<\/li>\n<li>Osim osiguravanja pravilnog funkcioniranja stranice i olak\u0161avanja pristupa, pohranjujemo kola\u010di\u0107e ciljanog ogla\u0161avanja i obra\u0111ujemo ih na temelju va\u0161eg pristanka.<\/li>\n<li>Prikupljanje podataka o pona\u0161anju posjetitelja na web stranici (za potrebe ciljane reklame) aktivira se na temelju pristanka posjetitelja web stranice pritiskom na gumb &#8220;Prihva\u0107am sve&#8221; koji se nalazi u banneru kola\u010di\u0107a na dnu web stranice. Spomenutom gumbu prethodi upozorenje: <em>&#8220;Koristimo kola\u010di\u0107e kako bismo pobolj\u0161ali va\u0161e iskustvo pregledavanja na\u0161ih web stranica. \u017delimo vam prikazivati prilago\u0111eni sadr\u017eaj i ciljani oglas, analizirati promet i razumjeti odakle dolaze na\u0161i posjetitelji.&#8221;<\/em> uz poveznicu za vi\u0161e informacija koja vodi na ovu stranicu.<\/li>\n<li>Prikupljeni kola\u010di\u0107i uglavnom se obra\u0111uju putem usluga Google Analytics i Google Adwords, koje upravlja tvrtka Google Inc., sa sjedi\u0161tem na adresi 1600 Amphitheatre Parkway, Mountain View, CA 94043, SAD. Podaci koje prikupi Google Inc. obra\u0111uju se u skladu s Pravilima o privatnosti, vi\u0161e informacija mo\u017eete prona\u0107i <a href=\"https:\/\/policies.google.com\/privacy?hl=sk#nosharing\" target=\"_blank\" rel=\"noopener\">ovdje<\/a>.<\/li>\n<li>Operater prikuplja sljede\u0107e kola\u010di\u0107e tre\u0107ih strana na svojoj web stranici:\n<ol>\n<li>Google Analytics za prikupljanje statisti\u010dkih informacija u trajanju prema postavkama va\u0161eg internetskog preglednika ili dok se informacije ne uklone (npr. brisanjem cachea).<\/li>\n<li>Google Adwords za identifikaciju unutar Googleove oglasne mre\u017ee, ponovno ciljanje oglasa (retargeting) u trajanju od 180 dana.<\/li>\n<\/ol>\n<\/li>\n<li>Kola\u010di\u0107i su dio va\u0161ih osobnih podataka. Vi\u0161e informacija o pravilima obrade osobnih podataka mo\u017eete prona\u0107i na <a href=\"\/hr\/principi-obrade-osobnih-podataka\" target=\"_blank\" rel=\"noopener\">ovoj poveznici<\/a>.<\/li>\n<\/ol>\n","protected":false},"excerpt":{"rendered":"<p>Kako bismo osigurali pravilno funkcioniranje ove web stranice, ponekad pohranjujemo male podatkovne datoteke na va\u0161 ure\u0111aj, tzv. kola\u010di\u0107e (cookies). Ovo je uobi\u010dajena praksa ve\u0107ine velikih web stranica. Kola\u010di\u0107 je mala tekstualna datoteka koju web stranica pohranjuje na va\u0161e ra\u010dunalo ili mobilni ure\u0111aj tijekom pregledavanja. Zahvaljuju\u0107i ovoj datoteci, web stranica pohranjuje informacije o va\u0161im radnjama i [&hellip;]<\/p>\n","protected":false},"author":1,"featured_media":0,"parent":0,"menu_order":0,"comment_status":"closed","ping_status":"closed","template":"","meta":{"_acf_changed":false,"footnotes":""},"class_list":["post-417","page","type-page","status-publish","hentry"],"acf":[],"yoast_head":"<!-- This site is optimized with the Yoast SEO plugin v24.2 - https:\/\/yoast.com\/wordpress\/plugins\/seo\/ -->\n<title>Kola\u010di\u0107i - ERMA<\/title>\n<meta name=\"robots\" content=\"index, follow, max-snippet:-1, max-image-preview:large, max-video-preview:-1\" \/>\n<link rel=\"canonical\" href=\"https:\/\/ermagroup.sk\/cookies\/\" \/>\n<meta property=\"og:locale\" content=\"hr_HR\" \/>\n<meta property=\"og:type\" content=\"article\" \/>\n<meta property=\"og:title\" content=\"Kola\u010di\u0107i - ERMA\" \/>\n<meta property=\"og:description\" content=\"Kako bismo osigurali pravilno funkcioniranje ove web stranice, ponekad pohranjujemo male podatkovne datoteke na va\u0161 ure\u0111aj, tzv. kola\u010di\u0107e (cookies). Ovo je uobi\u010dajena praksa ve\u0107ine velikih web stranica. Kola\u010di\u0107 je mala tekstualna datoteka koju web stranica pohranjuje na va\u0161e ra\u010dunalo ili mobilni ure\u0111aj tijekom pregledavanja. Zahvaljuju\u0107i ovoj datoteci, web stranica pohranjuje informacije o va\u0161im radnjama i [&hellip;]\" \/>\n<meta property=\"og:url\" content=\"https:\/\/ermagroup.sk\/cookies\/\" \/>\n<meta property=\"og:site_name\" content=\"ERMA\" \/>\n<meta property=\"article:modified_time\" content=\"2024-12-21T09:20:37+00:00\" \/>\n<meta name=\"twitter:card\" content=\"summary_large_image\" \/>\n<meta name=\"twitter:label1\" content=\"Procijenjeno vrijeme \u010ditanja\" \/>\n\t<meta name=\"twitter:data1\" content=\"3 minute\" \/>\n<script type=\"application\/ld+json\" class=\"yoast-schema-graph\">{\"@context\":\"https:\/\/schema.org\",\"@graph\":[{\"@type\":\"WebPage\",\"@id\":\"https:\/\/ermagroup.sk\/cookies\/\",\"url\":\"https:\/\/ermagroup.sk\/cookies\/\",\"name\":\"Kola\u010di\u0107i - ERMA\",\"isPartOf\":{\"@id\":\"https:\/\/ermagroup.sk\/#website\"},\"datePublished\":\"2024-12-21T09:05:41+00:00\",\"dateModified\":\"2024-12-21T09:20:37+00:00\",\"breadcrumb\":{\"@id\":\"https:\/\/ermagroup.sk\/cookies\/#breadcrumb\"},\"inLanguage\":\"hr\",\"potentialAction\":[{\"@type\":\"ReadAction\",\"target\":[\"https:\/\/ermagroup.sk\/cookies\/\"]}]},{\"@type\":\"BreadcrumbList\",\"@id\":\"https:\/\/ermagroup.sk\/cookies\/#breadcrumb\",\"itemListElement\":[{\"@type\":\"ListItem\",\"position\":1,\"name\":\"Domovsk\u00e1 str\u00e1nka\",\"item\":\"https:\/\/ermagroup.sk\/hr\/\"},{\"@type\":\"ListItem\",\"position\":2,\"name\":\"Kola\u010di\u0107i\"}]},{\"@type\":\"WebSite\",\"@id\":\"https:\/\/ermagroup.sk\/#website\",\"url\":\"https:\/\/ermagroup.sk\/\",\"name\":\"ermagroup.sk\",\"description\":\"Export a import v strednej a v\u00fdchodnej Eur\u00f3pe\",\"publisher\":{\"@id\":\"https:\/\/ermagroup.sk\/#organization\"},\"potentialAction\":[{\"@type\":\"SearchAction\",\"target\":{\"@type\":\"EntryPoint\",\"urlTemplate\":\"https:\/\/ermagroup.sk\/?s={search_term_string}\"},\"query-input\":{\"@type\":\"PropertyValueSpecification\",\"valueRequired\":true,\"valueName\":\"search_term_string\"}}],\"inLanguage\":\"hr\"},{\"@type\":\"Organization\",\"@id\":\"https:\/\/ermagroup.sk\/#organization\",\"name\":\"ERMA, s.r.o.\",\"url\":\"https:\/\/ermagroup.sk\/\",\"logo\":{\"@type\":\"ImageObject\",\"inLanguage\":\"hr\",\"@id\":\"https:\/\/ermagroup.sk\/#\/schema\/logo\/image\/\",\"url\":\"https:\/\/ermagroup.sk\/wp-content\/uploads\/2024\/11\/erma-logo.svg\",\"contentUrl\":\"https:\/\/ermagroup.sk\/wp-content\/uploads\/2024\/11\/erma-logo.svg\",\"width\":1,\"height\":1,\"caption\":\"ERMA, s.r.o.\"},\"image\":{\"@id\":\"https:\/\/ermagroup.sk\/#\/schema\/logo\/image\/\"}}]}<\/script>\n<!-- \/ Yoast SEO plugin. -->","yoast_head_json":{"title":"Kola\u010di\u0107i - ERMA","robots":{"index":"index","follow":"follow","max-snippet":"max-snippet:-1","max-image-preview":"max-image-preview:large","max-video-preview":"max-video-preview:-1"},"canonical":"https:\/\/ermagroup.sk\/cookies\/","og_locale":"hr_HR","og_type":"article","og_title":"Kola\u010di\u0107i - ERMA","og_description":"Kako bismo osigurali pravilno funkcioniranje ove web stranice, ponekad pohranjujemo male podatkovne datoteke na va\u0161 ure\u0111aj, tzv. kola\u010di\u0107e (cookies). Ovo je uobi\u010dajena praksa ve\u0107ine velikih web stranica. Kola\u010di\u0107 je mala tekstualna datoteka koju web stranica pohranjuje na va\u0161e ra\u010dunalo ili mobilni ure\u0111aj tijekom pregledavanja. Zahvaljuju\u0107i ovoj datoteci, web stranica pohranjuje informacije o va\u0161im radnjama i [&hellip;]","og_url":"https:\/\/ermagroup.sk\/cookies\/","og_site_name":"ERMA","article_modified_time":"2024-12-21T09:20:37+00:00","twitter_card":"summary_large_image","twitter_misc":{"Procijenjeno vrijeme \u010ditanja":"3 minute"},"schema":{"@context":"https:\/\/schema.org","@graph":[{"@type":"WebPage","@id":"https:\/\/ermagroup.sk\/cookies\/","url":"https:\/\/ermagroup.sk\/cookies\/","name":"Kola\u010di\u0107i - ERMA","isPartOf":{"@id":"https:\/\/ermagroup.sk\/#website"},"datePublished":"2024-12-21T09:05:41+00:00","dateModified":"2024-12-21T09:20:37+00:00","breadcrumb":{"@id":"https:\/\/ermagroup.sk\/cookies\/#breadcrumb"},"inLanguage":"hr","potentialAction":[{"@type":"ReadAction","target":["https:\/\/ermagroup.sk\/cookies\/"]}]},{"@type":"BreadcrumbList","@id":"https:\/\/ermagroup.sk\/cookies\/#breadcrumb","itemListElement":[{"@type":"ListItem","position":1,"name":"Domovsk\u00e1 str\u00e1nka","item":"https:\/\/ermagroup.sk\/hr\/"},{"@type":"ListItem","position":2,"name":"Kola\u010di\u0107i"}]},{"@type":"WebSite","@id":"https:\/\/ermagroup.sk\/#website","url":"https:\/\/ermagroup.sk\/","name":"ermagroup.sk","description":"Export a import v strednej a v\u00fdchodnej Eur\u00f3pe","publisher":{"@id":"https:\/\/ermagroup.sk\/#organization"},"potentialAction":[{"@type":"SearchAction","target":{"@type":"EntryPoint","urlTemplate":"https:\/\/ermagroup.sk\/?s={search_term_string}"},"query-input":{"@type":"PropertyValueSpecification","valueRequired":true,"valueName":"search_term_string"}}],"inLanguage":"hr"},{"@type":"Organization","@id":"https:\/\/ermagroup.sk\/#organization","name":"ERMA, s.r.o.","url":"https:\/\/ermagroup.sk\/","logo":{"@type":"ImageObject","inLanguage":"hr","@id":"https:\/\/ermagroup.sk\/#\/schema\/logo\/image\/","url":"https:\/\/ermagroup.sk\/wp-content\/uploads\/2024\/11\/erma-logo.svg","contentUrl":"https:\/\/ermagroup.sk\/wp-content\/uploads\/2024\/11\/erma-logo.svg","width":1,"height":1,"caption":"ERMA, s.r.o."},"image":{"@id":"https:\/\/ermagroup.sk\/#\/schema\/logo\/image\/"}}]}},"_links":{"self":[{"href":"https:\/\/ermagroup.sk\/hr\/wp-json\/wp\/v2\/pages\/417","targetHints":{"allow":["GET"]}}],"collection":[{"href":"https:\/\/ermagroup.sk\/hr\/wp-json\/wp\/v2\/pages"}],"about":[{"href":"https:\/\/ermagroup.sk\/hr\/wp-json\/wp\/v2\/types\/page"}],"author":[{"embeddable":true,"href":"https:\/\/ermagroup.sk\/hr\/wp-json\/wp\/v2\/users\/1"}],"replies":[{"embeddable":true,"href":"https:\/\/ermagroup.sk\/hr\/wp-json\/wp\/v2\/comments?post=417"}],"version-history":[{"count":1,"href":"https:\/\/ermagroup.sk\/hr\/wp-json\/wp\/v2\/pages\/417\/revisions"}],"predecessor-version":[{"id":418,"href":"https:\/\/ermagroup.sk\/hr\/wp-json\/wp\/v2\/pages\/417\/revisions\/418"}],"wp:attachment":[{"href":"https:\/\/ermagroup.sk\/hr\/wp-json\/wp\/v2\/media?parent=417"}],"curies":[{"name":"wp","href":"https:\/\/api.w.org\/{rel}","templated":true}]}}