{"id":422,"date":"2024-12-21T09:08:33","date_gmt":"2024-12-21T09:08:33","guid":{"rendered":"https:\/\/erma.mwsk.sk\/?page_id=422"},"modified":"2024-12-21T09:31:30","modified_gmt":"2024-12-21T09:31:30","slug":"nacela-obrade-osobnih-podataka","status":"publish","type":"page","link":"https:\/\/ermagroup.sk\/hr\/nacela-obrade-osobnih-podataka\/","title":{"rendered":"Na\u010dela obrade osobnih podataka"},"content":{"rendered":"<ol>\n<li><strong>Osoba na koju se podaci odnose<\/strong> \u2013 posjetitelj stranice.<\/li>\n<li><strong>Voditelj obrade<\/strong> \u2013 voditelj web stranice www.ermagroup.hr<br \/>\nERMA Group s. r. o., Pravotice 178, 956 35 Pravotice, ID tvrtke: 53036875, PDV ID: 2121232916, PDV ID: SK2121232916, upisano u trgova\u010dki registar Okru\u017enog suda Tren\u010d\u00edn, odjeljak: Sro, umetak br. 43969\/R.<\/li>\n<li>Osoba na koju se podaci odnose pristaje na obradu osobnih podataka od strane prodavatelja u opsegu navedenom u nastavku.<\/li>\n<li>Voditelj obrade stranice odgovoran je za obradu osobnih podataka u skladu s Uredbom Europskog parlamenta i Vije\u0107a (EU) 2016\/679 od 27. travnja 2016. o za\u0161titi fizi\u010dkih osoba u vezi s obradom osobnih podataka i slobodnim kretanjem takvih podataka, (dalje u tekstu GDPR).<\/li>\n<li>Popis osobnih podataka: ime, prezime, ulica i broj, po\u0161tanski broj, grad, email, telefonski kontakt, kola\u010di\u0107i. Vi\u0161e informacija o kola\u010di\u0107ima mo\u017eete prona\u0107i u nastavku.<\/li>\n<li>Svrhe obrade osobnih podataka: izdavanje poreznog dokumenta, kontaktiranje kupca u vezi s narud\u017ebom, izvr\u0161enje ugovora, obrada upita poslanog putem kontakt obrasca ili drugi legitimni interes. Osobni podaci ne smiju se dalje obra\u0111ivati na na\u010din koji nije u skladu s ovim svrhama.<\/li>\n<li><strong>Primatelji<\/strong> \u2013 voditelj web stranice www.ermagroup.hr, tvrtka SCR interactive s.r.o. koja osigurava tehni\u010dko funkcioniranje web stranice.<\/li>\n<li><strong>Izvr\u0161itelji obrade<\/strong> \u2013 primatelji podataka poput Googlea (<a href=\"https:\/\/privacy.google.com\/businesses\/processorterms\/\" target=\"_blank\" rel=\"noopener noreferrer\">Uvjeti obrade podataka za Ads<\/a>)<br \/>\nGoogle Analytics i Google AdWords (<a href=\"https:\/\/www.google.com\/analytics\/terms\/dpa\/dataprocessingamendment_20160909.html\" target=\"_blank\" rel=\"noopener noreferrer\">Amandman o obradi podataka<\/a>), s kojima imamo sklopljene ugovore o obradi podataka.<\/li>\n<li>Ne prodajemo, ne trgujemo niti na bilo koji drugi na\u010din ne dijelimo va\u0161e osobne podatke s tre\u0107im stranama, osim izvr\u0161itelja obrade navedenih u prethodnoj to\u010dki.<\/li>\n<li>Pravna osnova za obradu osobnih podataka:\n<ol>\n<li>Obrada osobnih podataka (ime, prezime, titula, ulica i broj, po\u0161tanski broj, grad) je nu\u017ena prema posebnom propisu ili me\u0111unarodnom ugovoru kojim je Republika Hrvatska obvezana. Prije svega, prema Zakonu br. 222\/2004 Z. z. o porezu na dodanu vrijednost.<\/li>\n<li>Obrada osobnih podataka (email, telefonski kontakt) nu\u017ena je za izvr\u0161enje ugovora.<\/li>\n<li>Ako ste dali pristanak za primanje obavijesti, taj pristanak mo\u017eete povu\u0107i u bilo kojem trenutku klikom na gumb <em>odjaviti<\/em> u bilo kojem informativnom letku ili slanjem zahtjeva putem emaila.<\/li>\n<\/ol>\n<\/li>\n<li>Ugra\u0111eni sadr\u017eaj s drugih web stranica \u2013 \u010dlanci na ovoj web stranici mogu sadr\u017eavati ugra\u0111eni sadr\u017eaj (npr. videozapise, slike, \u010dlanke i sli\u010dno). Ugra\u0111eni sadr\u017eaj s drugih stranica pona\u0161a se isto kao da je posjetitelj posjetio drugu web stranicu. Te web stranice mogu prikupljati va\u0161e osobne podatke, koristiti kola\u010di\u0107e, ugraditi pra\u0107enje tre\u0107e strane i pratiti va\u0161u interakciju s ugra\u0111enim sadr\u017eajem, uklju\u010duju\u0107i pra\u0107enje va\u0161e interakcije ako imate ra\u010dun na toj web stranici i prijavljeni ste.<\/li>\n<li>Razdoblje \u010duvanja osobnih podataka: 10 godina.<\/li>\n<li>Osoba na koju se podaci odnose pristankom na op\u0107e uvjete poslovanja tako\u0111er daje svoju izri\u010ditu i bezuvjetnu suglasnost da voditelj obrade obra\u0111uje njezine osobne podatke za gore navedene svrhe, tijekom gore navedenog razdoblja i u gore navedenom opsegu. Osoba na koju se podaci odnose ima pravo u bilo kojem trenutku povu\u0107i svoj pristanak. Povla\u010denje pristanka ne utje\u010de na zakonitost obrade temeljene na pristanku prije njegova povla\u010denja. Osoba na koju se podaci odnose obvezna je pru\u017eiti to\u010dne i a\u017eurirane osobne podatke. Prava osobe na koju se podaci odnose ure\u0111ena su poglavljem 3 GDPR-a. To uklju\u010duje, na primjer, pravo podno\u0161enja pritu\u017ebe nadzornom tijelu, pravo prigovora na obradu, pravo tra\u017eenja pristupa osobnim podacima od voditelja obrade koji se odnose na tu osobu, pravo na ispravak ili brisanje ili ograni\u010denje obrade osobnih podataka, kao i pravo na prenosivost podataka.<\/li>\n<li>U slu\u010daju registracije na web stranici, kupac ima pravo izbrisati ra\u010dun slanjem zahtjeva na email voditelja obrade ili klikom na gumb za brisanje ra\u010duna u su\u010delju svog ra\u010duna.<\/li>\n<li>Ovi uvjeti vrijede od 21.12.2024.<\/li>\n<\/ol>\n","protected":false},"excerpt":{"rendered":"<p>Osoba na koju se podaci odnose \u2013 posjetitelj stranice. Voditelj obrade \u2013 voditelj web stranice www.ermagroup.hr ERMA Group s. r. o., Pravotice 178, 956 35 Pravotice, ID tvrtke: 53036875, PDV ID: 2121232916, PDV ID: SK2121232916, upisano u trgova\u010dki registar Okru\u017enog suda Tren\u010d\u00edn, odjeljak: Sro, umetak br. 43969\/R. Osoba na koju se podaci odnose pristaje na [&hellip;]<\/p>\n","protected":false},"author":1,"featured_media":0,"parent":0,"menu_order":0,"comment_status":"closed","ping_status":"closed","template":"","meta":{"_acf_changed":false,"footnotes":""},"class_list":["post-422","page","type-page","status-publish","hentry"],"acf":[],"yoast_head":"<!-- This site is optimized with the Yoast SEO plugin v24.2 - https:\/\/yoast.com\/wordpress\/plugins\/seo\/ -->\n<title>Na\u010dela obrade osobnih podataka - ERMA<\/title>\n<meta name=\"robots\" content=\"index, follow, max-snippet:-1, max-image-preview:large, max-video-preview:-1\" \/>\n<link rel=\"canonical\" href=\"https:\/\/ermagroup.sk\/zasady-spracovania-osobnych-udajov\/\" \/>\n<meta property=\"og:locale\" content=\"hr_HR\" \/>\n<meta property=\"og:type\" content=\"article\" \/>\n<meta property=\"og:title\" content=\"Na\u010dela obrade osobnih podataka - ERMA\" \/>\n<meta property=\"og:description\" content=\"Osoba na koju se podaci odnose \u2013 posjetitelj stranice. Voditelj obrade \u2013 voditelj web stranice www.ermagroup.hr ERMA Group s. r. o., Pravotice 178, 956 35 Pravotice, ID tvrtke: 53036875, PDV ID: 2121232916, PDV ID: SK2121232916, upisano u trgova\u010dki registar Okru\u017enog suda Tren\u010d\u00edn, odjeljak: Sro, umetak br. 43969\/R. Osoba na koju se podaci odnose pristaje na [&hellip;]\" \/>\n<meta property=\"og:url\" content=\"https:\/\/ermagroup.sk\/zasady-spracovania-osobnych-udajov\/\" \/>\n<meta property=\"og:site_name\" content=\"ERMA\" \/>\n<meta property=\"article:modified_time\" content=\"2024-12-21T09:31:30+00:00\" \/>\n<meta name=\"twitter:card\" content=\"summary_large_image\" \/>\n<meta name=\"twitter:label1\" content=\"Procijenjeno vrijeme \u010ditanja\" \/>\n\t<meta name=\"twitter:data1\" content=\"3 minute\" \/>\n<script type=\"application\/ld+json\" class=\"yoast-schema-graph\">{\"@context\":\"https:\/\/schema.org\",\"@graph\":[{\"@type\":\"WebPage\",\"@id\":\"https:\/\/ermagroup.sk\/zasady-spracovania-osobnych-udajov\/\",\"url\":\"https:\/\/ermagroup.sk\/zasady-spracovania-osobnych-udajov\/\",\"name\":\"Na\u010dela obrade osobnih podataka - ERMA\",\"isPartOf\":{\"@id\":\"https:\/\/ermagroup.sk\/#website\"},\"datePublished\":\"2024-12-21T09:08:33+00:00\",\"dateModified\":\"2024-12-21T09:31:30+00:00\",\"breadcrumb\":{\"@id\":\"https:\/\/ermagroup.sk\/zasady-spracovania-osobnych-udajov\/#breadcrumb\"},\"inLanguage\":\"hr\",\"potentialAction\":[{\"@type\":\"ReadAction\",\"target\":[\"https:\/\/ermagroup.sk\/zasady-spracovania-osobnych-udajov\/\"]}]},{\"@type\":\"BreadcrumbList\",\"@id\":\"https:\/\/ermagroup.sk\/zasady-spracovania-osobnych-udajov\/#breadcrumb\",\"itemListElement\":[{\"@type\":\"ListItem\",\"position\":1,\"name\":\"Domovsk\u00e1 str\u00e1nka\",\"item\":\"https:\/\/ermagroup.sk\/hr\/\"},{\"@type\":\"ListItem\",\"position\":2,\"name\":\"Na\u010dela obrade osobnih podataka\"}]},{\"@type\":\"WebSite\",\"@id\":\"https:\/\/ermagroup.sk\/#website\",\"url\":\"https:\/\/ermagroup.sk\/\",\"name\":\"ermagroup.sk\",\"description\":\"Export a import v strednej a v\u00fdchodnej Eur\u00f3pe\",\"publisher\":{\"@id\":\"https:\/\/ermagroup.sk\/#organization\"},\"potentialAction\":[{\"@type\":\"SearchAction\",\"target\":{\"@type\":\"EntryPoint\",\"urlTemplate\":\"https:\/\/ermagroup.sk\/?s={search_term_string}\"},\"query-input\":{\"@type\":\"PropertyValueSpecification\",\"valueRequired\":true,\"valueName\":\"search_term_string\"}}],\"inLanguage\":\"hr\"},{\"@type\":\"Organization\",\"@id\":\"https:\/\/ermagroup.sk\/#organization\",\"name\":\"ERMA, s.r.o.\",\"url\":\"https:\/\/ermagroup.sk\/\",\"logo\":{\"@type\":\"ImageObject\",\"inLanguage\":\"hr\",\"@id\":\"https:\/\/ermagroup.sk\/#\/schema\/logo\/image\/\",\"url\":\"https:\/\/ermagroup.sk\/wp-content\/uploads\/2024\/11\/erma-logo.svg\",\"contentUrl\":\"https:\/\/ermagroup.sk\/wp-content\/uploads\/2024\/11\/erma-logo.svg\",\"width\":1,\"height\":1,\"caption\":\"ERMA, s.r.o.\"},\"image\":{\"@id\":\"https:\/\/ermagroup.sk\/#\/schema\/logo\/image\/\"}}]}<\/script>\n<!-- \/ Yoast SEO plugin. -->","yoast_head_json":{"title":"Na\u010dela obrade osobnih podataka - ERMA","robots":{"index":"index","follow":"follow","max-snippet":"max-snippet:-1","max-image-preview":"max-image-preview:large","max-video-preview":"max-video-preview:-1"},"canonical":"https:\/\/ermagroup.sk\/zasady-spracovania-osobnych-udajov\/","og_locale":"hr_HR","og_type":"article","og_title":"Na\u010dela obrade osobnih podataka - ERMA","og_description":"Osoba na koju se podaci odnose \u2013 posjetitelj stranice. Voditelj obrade \u2013 voditelj web stranice www.ermagroup.hr ERMA Group s. r. o., Pravotice 178, 956 35 Pravotice, ID tvrtke: 53036875, PDV ID: 2121232916, PDV ID: SK2121232916, upisano u trgova\u010dki registar Okru\u017enog suda Tren\u010d\u00edn, odjeljak: Sro, umetak br. 43969\/R. Osoba na koju se podaci odnose pristaje na [&hellip;]","og_url":"https:\/\/ermagroup.sk\/zasady-spracovania-osobnych-udajov\/","og_site_name":"ERMA","article_modified_time":"2024-12-21T09:31:30+00:00","twitter_card":"summary_large_image","twitter_misc":{"Procijenjeno vrijeme \u010ditanja":"3 minute"},"schema":{"@context":"https:\/\/schema.org","@graph":[{"@type":"WebPage","@id":"https:\/\/ermagroup.sk\/zasady-spracovania-osobnych-udajov\/","url":"https:\/\/ermagroup.sk\/zasady-spracovania-osobnych-udajov\/","name":"Na\u010dela obrade osobnih podataka - ERMA","isPartOf":{"@id":"https:\/\/ermagroup.sk\/#website"},"datePublished":"2024-12-21T09:08:33+00:00","dateModified":"2024-12-21T09:31:30+00:00","breadcrumb":{"@id":"https:\/\/ermagroup.sk\/zasady-spracovania-osobnych-udajov\/#breadcrumb"},"inLanguage":"hr","potentialAction":[{"@type":"ReadAction","target":["https:\/\/ermagroup.sk\/zasady-spracovania-osobnych-udajov\/"]}]},{"@type":"BreadcrumbList","@id":"https:\/\/ermagroup.sk\/zasady-spracovania-osobnych-udajov\/#breadcrumb","itemListElement":[{"@type":"ListItem","position":1,"name":"Domovsk\u00e1 str\u00e1nka","item":"https:\/\/ermagroup.sk\/hr\/"},{"@type":"ListItem","position":2,"name":"Na\u010dela obrade osobnih podataka"}]},{"@type":"WebSite","@id":"https:\/\/ermagroup.sk\/#website","url":"https:\/\/ermagroup.sk\/","name":"ermagroup.sk","description":"Export a import v strednej a v\u00fdchodnej Eur\u00f3pe","publisher":{"@id":"https:\/\/ermagroup.sk\/#organization"},"potentialAction":[{"@type":"SearchAction","target":{"@type":"EntryPoint","urlTemplate":"https:\/\/ermagroup.sk\/?s={search_term_string}"},"query-input":{"@type":"PropertyValueSpecification","valueRequired":true,"valueName":"search_term_string"}}],"inLanguage":"hr"},{"@type":"Organization","@id":"https:\/\/ermagroup.sk\/#organization","name":"ERMA, s.r.o.","url":"https:\/\/ermagroup.sk\/","logo":{"@type":"ImageObject","inLanguage":"hr","@id":"https:\/\/ermagroup.sk\/#\/schema\/logo\/image\/","url":"https:\/\/ermagroup.sk\/wp-content\/uploads\/2024\/11\/erma-logo.svg","contentUrl":"https:\/\/ermagroup.sk\/wp-content\/uploads\/2024\/11\/erma-logo.svg","width":1,"height":1,"caption":"ERMA, s.r.o."},"image":{"@id":"https:\/\/ermagroup.sk\/#\/schema\/logo\/image\/"}}]}},"_links":{"self":[{"href":"https:\/\/ermagroup.sk\/hr\/wp-json\/wp\/v2\/pages\/422","targetHints":{"allow":["GET"]}}],"collection":[{"href":"https:\/\/ermagroup.sk\/hr\/wp-json\/wp\/v2\/pages"}],"about":[{"href":"https:\/\/ermagroup.sk\/hr\/wp-json\/wp\/v2\/types\/page"}],"author":[{"embeddable":true,"href":"https:\/\/ermagroup.sk\/hr\/wp-json\/wp\/v2\/users\/1"}],"replies":[{"embeddable":true,"href":"https:\/\/ermagroup.sk\/hr\/wp-json\/wp\/v2\/comments?post=422"}],"version-history":[{"count":2,"href":"https:\/\/ermagroup.sk\/hr\/wp-json\/wp\/v2\/pages\/422\/revisions"}],"predecessor-version":[{"id":427,"href":"https:\/\/ermagroup.sk\/hr\/wp-json\/wp\/v2\/pages\/422\/revisions\/427"}],"wp:attachment":[{"href":"https:\/\/ermagroup.sk\/hr\/wp-json\/wp\/v2\/media?parent=422"}],"curies":[{"name":"wp","href":"https:\/\/api.w.org\/{rel}","templated":true}]}}